{"id":47,"date":"2024-04-25T07:13:36","date_gmt":"2024-04-25T07:13:36","guid":{"rendered":"https:\/\/remaqui.com\/?page_id=47"},"modified":"2026-03-20T16:30:13","modified_gmt":"2026-03-20T16:30:13","slug":"empresa","status":"publish","type":"page","link":"https:\/\/remaqui.com\/index.php\/empresa\/","title":{"rendered":"Empresa"},"content":{"rendered":"\t\t<div data-elementor-type=\"wp-page\" data-elementor-id=\"47\" class=\"elementor elementor-47\">\n\t\t\t\t<div class=\"elementor-element elementor-element-4d75a427 e-con-full e-flex e-con e-parent\" data-id=\"4d75a427\" data-element_type=\"container\" data-settings=\"{&quot;background_background&quot;:&quot;classic&quot;}\">\n\t\t<div class=\"elementor-element elementor-element-71231edb e-con-full e-flex e-con e-child\" data-id=\"71231edb\" data-element_type=\"container\">\n\t\t\t\t<div class=\"elementor-element elementor-element-4bce08f6 elementor-widget elementor-widget-image\" data-id=\"4bce08f6\" data-element_type=\"widget\" data-widget_type=\"image.default\">\n\t\t\t\t<div class=\"elementor-widget-container\">\n\t\t\t<style>\/*! elementor - v3.21.0 - 24-04-2024 *\/\n.elementor-widget-image{text-align:center}.elementor-widget-image a{display:inline-block}.elementor-widget-image a img[src$=\".svg\"]{width:48px}.elementor-widget-image img{vertical-align:middle;display:inline-block}<\/style>\t\t\t\t\t\t\t\t\t\t<img fetchpriority=\"high\" decoding=\"async\" width=\"950\" height=\"632\" src=\"https:\/\/remaqui.com\/wp-content\/uploads\/2024\/04\/DSC_0342-2.jpg\" class=\"attachment-large size-large wp-image-52\" alt=\"\" srcset=\"https:\/\/remaqui.com\/wp-content\/uploads\/2024\/04\/DSC_0342-2.jpg 1024w, https:\/\/remaqui.com\/wp-content\/uploads\/2024\/04\/DSC_0342-2-300x200.jpg 300w, https:\/\/remaqui.com\/wp-content\/uploads\/2024\/04\/DSC_0342-2-18x12.jpg 18w\" sizes=\"100vw\" \/>\t\t\t\t\t\t\t\t\t\t\t\t\t<\/div>\n\t\t\t\t<\/div>\n\t\t\t\t<\/div>\n\t\t<div class=\"elementor-element elementor-element-553d2f3a e-con-full e-flex e-con e-child\" data-id=\"553d2f3a\" data-element_type=\"container\">\n\t\t\t\t<div class=\"elementor-element elementor-element-256fa5f1 elementor-widget elementor-widget-heading\" data-id=\"256fa5f1\" data-element_type=\"widget\" data-widget_type=\"heading.default\">\n\t\t\t\t<div class=\"elementor-widget-container\">\n\t\t\t<style>\/*! elementor - v3.21.0 - 24-04-2024 *\/\n.elementor-heading-title{padding:0;margin:0;line-height:1}.elementor-widget-heading .elementor-heading-title[class*=elementor-size-]>a{color:inherit;font-size:inherit;line-height:inherit}.elementor-widget-heading .elementor-heading-title.elementor-size-small{font-size:15px}.elementor-widget-heading .elementor-heading-title.elementor-size-medium{font-size:19px}.elementor-widget-heading .elementor-heading-title.elementor-size-large{font-size:29px}.elementor-widget-heading .elementor-heading-title.elementor-size-xl{font-size:39px}.elementor-widget-heading .elementor-heading-title.elementor-size-xxl{font-size:59px}<\/style><h1 class=\"elementor-heading-title elementor-size-default\">Empresa<\/h1>\t\t<\/div>\n\t\t\t\t<\/div>\n\t\t\t\t<div class=\"elementor-element elementor-element-53b9091e elementor-widget elementor-widget-text-editor\" data-id=\"53b9091e\" data-element_type=\"widget\" data-widget_type=\"text-editor.default\">\n\t\t\t\t<div class=\"elementor-widget-container\">\n\t\t\t<style>\/*! elementor - v3.21.0 - 24-04-2024 *\/\n.elementor-widget-text-editor.elementor-drop-cap-view-stacked .elementor-drop-cap{background-color:#69727d;color:#fff}.elementor-widget-text-editor.elementor-drop-cap-view-framed .elementor-drop-cap{color:#69727d;border:3px solid;background-color:transparent}.elementor-widget-text-editor:not(.elementor-drop-cap-view-default) .elementor-drop-cap{margin-top:8px}.elementor-widget-text-editor:not(.elementor-drop-cap-view-default) .elementor-drop-cap-letter{width:1em;height:1em}.elementor-widget-text-editor .elementor-drop-cap{float:left;text-align:center;line-height:1;font-size:50px}.elementor-widget-text-editor .elementor-drop-cap-letter{display:inline-block}<\/style>\t\t\t\t<p class=\"lead\">En funci\u00f3n de la necesidad del tipo de cami\u00f3n, al cliente se lo confeccionamos y se lo alquilamos en periodos y a\u00f1os que necesite.<\/p><p class=\"lead\">\u00a0<\/p>\t\t\t\t\t\t<\/div>\n\t\t\t\t<\/div>\n\t\t\t\t<\/div>\n\t\t\t\t<\/div>\n\t\t<div class=\"elementor-element elementor-element-3b87add2 e-con-full e-flex e-con e-parent\" data-id=\"3b87add2\" data-element_type=\"container\" data-settings=\"{&quot;background_background&quot;:&quot;classic&quot;}\">\n\t\t<div class=\"elementor-element elementor-element-4d753f00 e-con-full e-flex e-con e-child\" data-id=\"4d753f00\" data-element_type=\"container\">\n\t\t\t\t<div class=\"elementor-element elementor-element-5a15138e elementor-widget elementor-widget-heading\" data-id=\"5a15138e\" data-element_type=\"widget\" data-widget_type=\"heading.default\">\n\t\t\t\t<div class=\"elementor-widget-container\">\n\t\t\t<h2 class=\"elementor-heading-title elementor-size-default\">Alquiler a tu medida<\/h2>\t\t<\/div>\n\t\t\t\t<\/div>\n\t\t\t\t<div class=\"elementor-element elementor-element-397bdba2 elementor-widget elementor-widget-text-editor\" data-id=\"397bdba2\" data-element_type=\"widget\" data-widget_type=\"text-editor.default\">\n\t\t\t\t<div class=\"elementor-widget-container\">\n\t\t\t\t\t\t\t<p>Alquilamos fugonetas, turismos, pick-up, chasis y furgones de 3,5 toneladas, 4X4, 6X6, camiones de cualquier tonelaje, barredoras, recolectores de basura.<\/p>\t\t\t\t\t\t<\/div>\n\t\t\t\t<\/div>\n\t\t\t\t<\/div>\n\t\t<div class=\"elementor-element elementor-element-15633f10 e-con-full e-flex e-con e-child\" data-id=\"15633f10\" data-element_type=\"container\">\n\t\t\t\t<div class=\"elementor-element elementor-element-4fd8030a elementor-widget elementor-widget-image\" data-id=\"4fd8030a\" data-element_type=\"widget\" data-widget_type=\"image.default\">\n\t\t\t\t<div class=\"elementor-widget-container\">\n\t\t\t\t\t\t\t\t\t\t\t\t\t<img decoding=\"async\" width=\"950\" height=\"713\" src=\"https:\/\/remaqui.com\/wp-content\/uploads\/2024\/04\/IMG_1007-1024x768.jpg\" class=\"attachment-large size-large wp-image-53\" alt=\"\" srcset=\"https:\/\/remaqui.com\/wp-content\/uploads\/2024\/04\/IMG_1007-1024x768.jpg 1024w, https:\/\/remaqui.com\/wp-content\/uploads\/2024\/04\/IMG_1007-300x225.jpg 300w, https:\/\/remaqui.com\/wp-content\/uploads\/2024\/04\/IMG_1007-2000x1500.jpg 2000w, https:\/\/remaqui.com\/wp-content\/uploads\/2024\/04\/IMG_1007-scaled-16x12.jpg 16w, https:\/\/remaqui.com\/wp-content\/uploads\/2024\/04\/IMG_1007-scaled-1536x1152.jpg 1536w, https:\/\/remaqui.com\/wp-content\/uploads\/2024\/04\/IMG_1007-scaled-2048x1536.jpg 2048w\" sizes=\"100vw\" \/>\t\t\t\t\t\t\t\t\t\t\t\t\t<\/div>\n\t\t\t\t<\/div>\n\t\t\t\t<\/div>\n\t\t\t\t<\/div>\n\t\t<div class=\"elementor-element elementor-element-674da9ff e-con-full e-flex e-con e-parent\" data-id=\"674da9ff\" data-element_type=\"container\" data-settings=\"{&quot;background_background&quot;:&quot;classic&quot;}\">\n\t\t<div class=\"elementor-element elementor-element-73a1cd9b e-con-full e-flex e-con e-child\" data-id=\"73a1cd9b\" data-element_type=\"container\">\n\t\t\t\t<div class=\"elementor-element elementor-element-728089cb elementor-widget elementor-widget-heading\" data-id=\"728089cb\" data-element_type=\"widget\" data-widget_type=\"heading.default\">\n\t\t\t\t<div class=\"elementor-widget-container\">\n\t\t\t<h2 class=\"elementor-heading-title elementor-size-default\">G\u00f3ndolas<\/h2>\t\t<\/div>\n\t\t\t\t<\/div>\n\t\t\t\t<div class=\"elementor-element elementor-element-2638061e elementor-widget elementor-widget-text-editor\" data-id=\"2638061e\" data-element_type=\"widget\" data-widget_type=\"text-editor.default\">\n\t\t\t\t<div class=\"elementor-widget-container\">\n\t\t\t\t\t\t\t<p>Servicio de g\u00f3ndola para la recogida de veh\u00edculos con aver\u00eda o golpe.<\/p>\t\t\t\t\t\t<\/div>\n\t\t\t\t<\/div>\n\t\t\t\t<\/div>\n\t\t<div class=\"elementor-element elementor-element-278f2f3f e-con-full e-flex e-con e-child\" data-id=\"278f2f3f\" data-element_type=\"container\">\n\t\t\t\t<div class=\"elementor-element elementor-element-78703d06 elementor-widget elementor-widget-image\" data-id=\"78703d06\" data-element_type=\"widget\" data-widget_type=\"image.default\">\n\t\t\t\t<div class=\"elementor-widget-container\">\n\t\t\t\t\t\t\t\t\t\t\t\t\t<img decoding=\"async\" width=\"640\" height=\"480\" src=\"https:\/\/remaqui.com\/wp-content\/uploads\/2024\/04\/servicios-de-gondola.jpg\" class=\"attachment-large size-large wp-image-28\" alt=\"\" srcset=\"https:\/\/remaqui.com\/wp-content\/uploads\/2024\/04\/servicios-de-gondola.jpg 640w, https:\/\/remaqui.com\/wp-content\/uploads\/2024\/04\/servicios-de-gondola-300x225.jpg 300w, https:\/\/remaqui.com\/wp-content\/uploads\/2024\/04\/servicios-de-gondola-16x12.jpg 16w\" sizes=\"100vw\" \/>\t\t\t\t\t\t\t\t\t\t\t\t\t<\/div>\n\t\t\t\t<\/div>\n\t\t\t\t<\/div>\n\t\t\t\t<\/div>\n\t\t<div class=\"elementor-element elementor-element-7421773f e-con-full e-flex e-con e-parent\" data-id=\"7421773f\" data-element_type=\"container\" data-settings=\"{&quot;background_background&quot;:&quot;classic&quot;}\">\n\t\t<div class=\"elementor-element elementor-element-ed389ed e-con-full e-flex e-con e-child\" data-id=\"ed389ed\" data-element_type=\"container\">\n\t\t\t\t<div class=\"elementor-element elementor-element-124a49a0 elementor-widget elementor-widget-heading\" data-id=\"124a49a0\" data-element_type=\"widget\" data-widget_type=\"heading.default\">\n\t\t\t\t<div class=\"elementor-widget-container\">\n\t\t\t<h2 class=\"elementor-heading-title elementor-size-default\">Carrozados<\/h2>\t\t<\/div>\n\t\t\t\t<\/div>\n\t\t\t\t<div class=\"elementor-element elementor-element-67445d89 elementor-widget elementor-widget-text-editor\" data-id=\"67445d89\" data-element_type=\"widget\" data-widget_type=\"text-editor.default\">\n\t\t\t\t<div class=\"elementor-widget-container\">\n\t\t\t\t\t\t\t<p>Carrocer\u00edas e implementos invernales con proveedores de primer nivel.<\/p>\t\t\t\t\t\t<\/div>\n\t\t\t\t<\/div>\n\t\t\t\t<\/div>\n\t\t<div class=\"elementor-element elementor-element-f1f6850 e-con-full e-flex e-con e-child\" data-id=\"f1f6850\" data-element_type=\"container\">\n\t\t\t\t<div class=\"elementor-element elementor-element-58b61db elementor-widget elementor-widget-image\" data-id=\"58b61db\" data-element_type=\"widget\" data-widget_type=\"image.default\">\n\t\t\t\t<div class=\"elementor-widget-container\">\n\t\t\t\t\t\t\t\t\t\t\t\t\t<img loading=\"lazy\" decoding=\"async\" width=\"757\" height=\"505\" src=\"https:\/\/remaqui.com\/wp-content\/uploads\/2024\/04\/CONEADORA_1.jpg\" class=\"attachment-large size-large wp-image-57\" alt=\"\" srcset=\"https:\/\/remaqui.com\/wp-content\/uploads\/2024\/04\/CONEADORA_1.jpg 757w, https:\/\/remaqui.com\/wp-content\/uploads\/2024\/04\/CONEADORA_1-300x200.jpg 300w, https:\/\/remaqui.com\/wp-content\/uploads\/2024\/04\/CONEADORA_1-18x12.jpg 18w\" sizes=\"100vw\" \/>\t\t\t\t\t\t\t\t\t\t\t\t\t<\/div>\n\t\t\t\t<\/div>\n\t\t\t\t<\/div>\n\t\t\t\t<\/div>\n\t\t<div class=\"elementor-element elementor-element-7b9c86e3 e-flex e-con-boxed e-con e-parent\" data-id=\"7b9c86e3\" data-element_type=\"container\" data-settings=\"{&quot;background_background&quot;:&quot;classic&quot;}\">\n\t\t\t\t\t<div class=\"e-con-inner\">\n\t\t\t\t<div class=\"elementor-element elementor-element-2fac8429 elementor-widget elementor-widget-heading\" data-id=\"2fac8429\" data-element_type=\"widget\" data-widget_type=\"heading.default\">\n\t\t\t\t<div class=\"elementor-widget-container\">\n\t\t\t<h3 class=\"elementor-heading-title elementor-size-default\">NOS DIFERENCIAMOS DE LA COMPETENCIA<\/h3>\t\t<\/div>\n\t\t\t\t<\/div>\n\t\t\t\t<div class=\"elementor-element elementor-element-7b5a96a4 elementor-widget elementor-widget-text-editor\" data-id=\"7b5a96a4\" data-element_type=\"widget\" data-widget_type=\"text-editor.default\">\n\t\t\t\t<div class=\"elementor-widget-container\">\n\t\t\t\t\t\t\t<p>Remaqui S.L:, empresa fundada en 1998, nos dedicamos al Alquiler a Largo como a Corto Plazo de todo tipo de veh\u00edculos, ya se\u00e1n turismos, furgonetas, m\u00e1quinas quitanieves, tractoras, r\u00edgidos con gr\u00faa, pick-up etc&#8230;<\/p>\t\t\t\t\t\t<\/div>\n\t\t\t\t<\/div>\n\t\t<div class=\"elementor-element elementor-element-d00e01f e-flex e-con-boxed e-con e-child\" data-id=\"d00e01f\" data-element_type=\"container\">\n\t\t\t\t\t<div class=\"e-con-inner\">\n\t\t\t\t<div class=\"elementor-element elementor-element-ecd4561 elementor-widget elementor-widget-text-editor\" data-id=\"ecd4561\" data-element_type=\"widget\" data-widget_type=\"text-editor.default\">\n\t\t\t\t<div class=\"elementor-widget-container\">\n\t\t\t\t\t\t\t<p>Si lo desea puede ponerse en contacto con nosotros a trav\u00e9s del siguiente formulario, estaremos encantados de resolverle cualquier tipo de duda, tambi\u00e9n puede hacerlo a nuestro tel\u00e9fono de contacto\u00a0<i class=\"fa fa-phone\" aria-hidden=\"true\"><\/i>\u00a0<strong>616405902<\/strong> &#8211;\u00a0<i class=\"fa fa-envelope-o\" aria-hidden=\"true\">\u00a0o a nuestro mail<\/i><a href=\"mailto:info@remaqui.com\">\u00a0info@remaqui.com<\/a><\/p>\t\t\t\t\t\t<\/div>\n\t\t\t\t<\/div>\n\t\t\t\t\t<\/div>\n\t\t\t\t<\/div>\n\t\t\t\t\t<\/div>\n\t\t\t\t<\/div>\n\t\t\t\t<\/div>\n\t\t","protected":false},"excerpt":{"rendered":"<p>Empresa En funci\u00f3n de la necesidad del tipo de cami\u00f3n, al cliente se lo confeccionamos y se lo alquilamos en periodos y a\u00f1os que necesite. \u00a0 Alquiler a tu medida Alquilamos fugonetas, turismos, pick-up, chasis y furgones de 3,5 toneladas, 4X4, 6X6, camiones de cualquier tonelaje, barredoras, recolectores de basura. G\u00f3ndolas Servicio de g\u00f3ndola para &hellip; <\/p>\n<p class=\"link-more\"><a href=\"https:\/\/remaqui.com\/index.php\/empresa\/\" class=\"more-link\">Leer m\u00e1s<span class=\"screen-reader-text\"> \u00abEmpresa\u00bb<\/span><\/a><\/p>\n","protected":false},"author":1,"featured_media":0,"parent":0,"menu_order":0,"comment_status":"closed","ping_status":"closed","template":"","meta":{"saved_in_kubio":false,"footnotes":""},"class_list":["post-47","page","type-page","status-publish","hentry"],"kubio_ai_page_context":{"short_desc":"","purpose":"general"},"_links":{"self":[{"href":"https:\/\/remaqui.com\/index.php\/wp-json\/wp\/v2\/pages\/47","targetHints":{"allow":["GET"]}}],"collection":[{"href":"https:\/\/remaqui.com\/index.php\/wp-json\/wp\/v2\/pages"}],"about":[{"href":"https:\/\/remaqui.com\/index.php\/wp-json\/wp\/v2\/types\/page"}],"author":[{"embeddable":true,"href":"https:\/\/remaqui.com\/index.php\/wp-json\/wp\/v2\/users\/1"}],"replies":[{"embeddable":true,"href":"https:\/\/remaqui.com\/index.php\/wp-json\/wp\/v2\/comments?post=47"}],"version-history":[{"count":10,"href":"https:\/\/remaqui.com\/index.php\/wp-json\/wp\/v2\/pages\/47\/revisions"}],"predecessor-version":[{"id":98,"href":"https:\/\/remaqui.com\/index.php\/wp-json\/wp\/v2\/pages\/47\/revisions\/98"}],"wp:attachment":[{"href":"https:\/\/remaqui.com\/index.php\/wp-json\/wp\/v2\/media?parent=47"}],"curies":[{"name":"wp","href":"https:\/\/api.w.org\/{rel}","templated":true}]}}